{"id":1677,"date":"2022-05-22T19:10:43","date_gmt":"2022-05-22T17:10:43","guid":{"rendered":"https:\/\/ubezpieczenia-siedlce.pl\/?page_id=1677"},"modified":"2022-05-22T19:12:50","modified_gmt":"2022-05-22T17:12:50","slug":"ubezpieczenie-turystyczne","status":"publish","type":"page","link":"https:\/\/ubezpieczenia-siedlce.pl\/index.php\/ubezpieczenie-turystyczne\/","title":{"rendered":"Ubezpieczenie turystyczne"},"content":{"rendered":"\t\t<div data-elementor-type=\"wp-page\" data-elementor-id=\"1677\" class=\"elementor elementor-1677\" data-elementor-settings=\"[]\">\n\t\t\t<div class=\"elementor-inner\">\n\t\t\t\t<div class=\"elementor-section-wrap\">\n\t\t\t\t\t\t\t<section class=\"elementor-element elementor-element-75bf29d elementor-section-boxed elementor-section-height-default elementor-section-height-default elementor-section elementor-top-section\" data-id=\"75bf29d\" data-element_type=\"section\">\n\t\t\t\t\t\t<div class=\"elementor-container elementor-column-gap-default\">\n\t\t\t\t<div class=\"elementor-row\">\n\t\t\t\t<div class=\"elementor-element elementor-element-7ca8f69 elementor-column elementor-col-100 elementor-top-column\" data-id=\"7ca8f69\" data-element_type=\"column\">\n\t\t\t<div class=\"elementor-column-wrap  elementor-element-populated\">\n\t\t\t\t\t<div class=\"elementor-widget-wrap\">\n\t\t\t\t<div class=\"elementor-element elementor-element-59caf94 elementor-widget elementor-widget-image\" data-id=\"59caf94\" data-element_type=\"widget\" data-widget_type=\"image.default\">\n\t\t\t\t<div class=\"elementor-widget-container\">\n\t\t\t\t\t<div class=\"elementor-image\">\n\t\t\t\t\t\t\t\t\t\t\t<a href=\"https:\/\/ubezpieczenia-siedlce.pl\/wp-content\/uploads\/2022\/05\/ubezp_tur.jpg\">\n\t\t\t\t\t\t\t<img loading=\"lazy\" decoding=\"async\" width=\"768\" height=\"768\" src=\"https:\/\/ubezpieczenia-siedlce.pl\/wp-content\/uploads\/2022\/05\/ubezp_tur-768x768.jpg\" class=\"attachment-medium_large size-medium_large\" alt=\"\" srcset=\"https:\/\/ubezpieczenia-siedlce.pl\/wp-content\/uploads\/2022\/05\/ubezp_tur-768x768.jpg 768w, https:\/\/ubezpieczenia-siedlce.pl\/wp-content\/uploads\/2022\/05\/ubezp_tur-300x300.jpg 300w, https:\/\/ubezpieczenia-siedlce.pl\/wp-content\/uploads\/2022\/05\/ubezp_tur-1024x1024.jpg 1024w, https:\/\/ubezpieczenia-siedlce.pl\/wp-content\/uploads\/2022\/05\/ubezp_tur-150x150.jpg 150w, https:\/\/ubezpieczenia-siedlce.pl\/wp-content\/uploads\/2022\/05\/ubezp_tur.jpg 1080w\" sizes=\"auto, (max-width: 768px) 100vw, 768px\" \/>\t\t\t\t\t\t\t\t<\/a>\n\t\t\t\t\t\t\t\t\t\t\t<\/div>\n\t\t\t\t<\/div>\n\t\t\t\t<\/div>\n\t\t\t\t<div class=\"elementor-element elementor-element-f3d186f elementor-widget elementor-widget-text-editor\" data-id=\"f3d186f\" data-element_type=\"widget\" data-widget_type=\"text-editor.default\">\n\t\t\t\t<div class=\"elementor-widget-container\">\n\t\t\t\t\t<div class=\"elementor-text-editor elementor-clearfix\"><p>Je\u015bli planujesz \u2708 podr\u00f3\u017c za granic\u0119 koniecznie zapoznaj si\u0119 z terminem &#8220;Ubezpieczenie turystyczne&#8221;.<\/p><p>Ta prosta i indywidualnie zbudowana polisa zapewni Ci spokojn\u0105 g\u0142ow\u0119 i maksymalny odpoczynek na Twoich wymarzonych wakacjach.<\/p><p>W naszej plac\u00f3wce masz gwarancje: <br \/>\u2705 Mo\u017cliwo\u015bci skonstruowania indywidualnego zakresu ochrony zdrowia, baga\u017cu i assistance<br \/>\u2705 Szeroki zakres ochrony(w\u0142\u0105cznie z opiek\u0105 dentystyczn\u0105, zaostrzeniem chor\u00f3b przewlek\u0142ych itp)<br \/>\u2705 Wysokie sumy ubezpieczenia przy niskiej sk\u0142adce (nawet 2 z\u0142 za dzie\u0144!)<br \/>\u2705 Wesprzemy, je\u015bli b\u0119dziesz potrzebowa\u0107 pomocy &#8211; indywidualny opiekun szkody.<br \/>\u2705 Klauzula alkoholowa &#8211; \ud83d\udd1e<\/p><p>Z polis\u0105 \ud83d\ude97 turystyczn\u0105 mo\u017cesz wyje\u017cd\u017ca\u0107 do r\u00f3\u017cnych miejsc na \u015bwiecie i nie martwi\u0107 si\u0119 o koszty, gdy zdarz\u0105 si\u0119 nieoczekiwane zdarzenia.<\/p><\/div>\n\t\t\t\t<\/div>\n\t\t\t\t<\/div>\n\t\t\t\t\t\t<\/div>\n\t\t\t<\/div>\n\t\t<\/div>\n\t\t\t\t\t\t<\/div>\n\t\t\t<\/div>\n\t\t<\/section>\n\t\t\t\t\t\t<\/div>\n\t\t\t<\/div>\n\t\t<\/div>\n\t\t","protected":false},"excerpt":{"rendered":"<p>Je\u015bli planujesz &#x2708; podr\u00f3\u017c za granic\u0119 koniecznie zapoznaj si\u0119 z terminem &#8220;Ubezpieczenie turystyczne&#8221;. Ta prosta i indywidualnie zbudowana polisa zapewni Ci spokojn\u0105 g\u0142ow\u0119 i maksymalny odpoczynek na Twoich wymarzonych wakacjach. W naszej plac\u00f3wce masz gwarancje: &#x2705; Mo\u017cliwo\u015bci skonstruowania indywidualnego zakresu ochrony zdrowia, baga\u017cu i assistance&#x2705; Szeroki zakres ochrony(w\u0142\u0105cznie z opiek\u0105 dentystyczn\u0105, zaostrzeniem chor\u00f3b przewlek\u0142ych itp)&#x2705;&hellip;<\/p>\n","protected":false},"author":1,"featured_media":1676,"parent":0,"menu_order":0,"comment_status":"closed","ping_status":"closed","template":"","meta":{"_monsterinsights_skip_tracking":false,"_monsterinsights_sitenote_active":false,"_monsterinsights_sitenote_note":"","_monsterinsights_sitenote_category":0},"class_list":["post-1677","page","type-page","status-publish","has-post-thumbnail","hentry","description-off"],"_links":{"self":[{"href":"https:\/\/ubezpieczenia-siedlce.pl\/index.php\/wp-json\/wp\/v2\/pages\/1677","targetHints":{"allow":["GET"]}}],"collection":[{"href":"https:\/\/ubezpieczenia-siedlce.pl\/index.php\/wp-json\/wp\/v2\/pages"}],"about":[{"href":"https:\/\/ubezpieczenia-siedlce.pl\/index.php\/wp-json\/wp\/v2\/types\/page"}],"author":[{"embeddable":true,"href":"https:\/\/ubezpieczenia-siedlce.pl\/index.php\/wp-json\/wp\/v2\/users\/1"}],"replies":[{"embeddable":true,"href":"https:\/\/ubezpieczenia-siedlce.pl\/index.php\/wp-json\/wp\/v2\/comments?post=1677"}],"version-history":[{"count":5,"href":"https:\/\/ubezpieczenia-siedlce.pl\/index.php\/wp-json\/wp\/v2\/pages\/1677\/revisions"}],"predecessor-version":[{"id":1689,"href":"https:\/\/ubezpieczenia-siedlce.pl\/index.php\/wp-json\/wp\/v2\/pages\/1677\/revisions\/1689"}],"wp:featuredmedia":[{"embeddable":true,"href":"https:\/\/ubezpieczenia-siedlce.pl\/index.php\/wp-json\/wp\/v2\/media\/1676"}],"wp:attachment":[{"href":"https:\/\/ubezpieczenia-siedlce.pl\/index.php\/wp-json\/wp\/v2\/media?parent=1677"}],"curies":[{"name":"wp","href":"https:\/\/api.w.org\/{rel}","templated":true}]}}