{"id":1623,"date":"2022-03-02T23:13:20","date_gmt":"2022-03-02T22:13:20","guid":{"rendered":"https:\/\/ubezpieczenia-siedlce.pl\/?page_id=1623"},"modified":"2024-03-25T23:22:52","modified_gmt":"2024-03-25T22:22:52","slug":"blog","status":"publish","type":"page","link":"https:\/\/ubezpieczenia-siedlce.pl\/index.php\/blog\/","title":{"rendered":"Blog"},"content":{"rendered":"\t\t<div data-elementor-type=\"wp-page\" data-elementor-id=\"1623\" class=\"elementor elementor-1623\" data-elementor-settings=\"[]\">\n\t\t\t<div class=\"elementor-inner\">\n\t\t\t\t<div class=\"elementor-section-wrap\">\n\t\t\t\t\t\t\t<section class=\"elementor-element elementor-element-75bf29d elementor-section-boxed elementor-section-height-default elementor-section-height-default elementor-section elementor-top-section\" data-id=\"75bf29d\" data-element_type=\"section\">\n\t\t\t\t\t\t<div class=\"elementor-container elementor-column-gap-default\">\n\t\t\t\t<div class=\"elementor-row\">\n\t\t\t\t<div class=\"elementor-element elementor-element-8c38631 elementor-column elementor-col-100 elementor-top-column\" data-id=\"8c38631\" data-element_type=\"column\">\n\t\t\t<div class=\"elementor-column-wrap  elementor-element-populated\">\n\t\t\t\t\t<div class=\"elementor-widget-wrap\">\n\t\t\t\t<div class=\"elementor-element elementor-element-f6e30d3 elementor-widget elementor-widget-heading\" data-id=\"f6e30d3\" data-element_type=\"widget\" data-widget_type=\"heading.default\">\n\t\t\t\t<div class=\"elementor-widget-container\">\n\t\t\t<h3 class=\"elementor-heading-title elementor-size-default\">Chcesz by\u0107&nbsp;na bie\u017c\u0105co?<\/h3>\t\t<\/div>\n\t\t\t\t<\/div>\n\t\t\t\t<div class=\"elementor-element elementor-element-bfda4d1 elementor-widget elementor-widget-heading\" data-id=\"bfda4d1\" data-element_type=\"widget\" data-widget_type=\"heading.default\">\n\t\t\t\t<div class=\"elementor-widget-container\">\n\t\t\t<h2 class=\"elementor-heading-title elementor-size-default\">Blog<\/h2>\t\t<\/div>\n\t\t\t\t<\/div>\n\t\t\t\t<div class=\"elementor-element elementor-element-e49ce63 elementor-grid-1 elementor-posts--thumbnail-left elementor-grid-tablet-2 elementor-grid-mobile-1 elementor-widget elementor-widget-posts\" data-id=\"e49ce63\" data-element_type=\"widget\" data-settings=\"{&quot;classic_columns&quot;:&quot;1&quot;,&quot;classic_columns_tablet&quot;:&quot;2&quot;,&quot;classic_columns_mobile&quot;:&quot;1&quot;,&quot;classic_row_gap&quot;:{&quot;unit&quot;:&quot;px&quot;,&quot;size&quot;:35,&quot;sizes&quot;:[]}}\" data-widget_type=\"posts.classic\">\n\t\t\t\t<div class=\"elementor-widget-container\">\n\t\t\t\t\t<div class=\"elementor-posts-container elementor-posts elementor-grid elementor-posts--skin-classic\">\n\t\t\t\t<article class=\"elementor-post elementor-grid-item post-785 post type-post status-publish format-standard has-post-thumbnail hentry category-uncategorized category-2 description-off\">\n\t\t\t\t<a class=\"elementor-post__thumbnail__link\" href=\"https:\/\/ubezpieczenia-siedlce.pl\/index.php\/2020\/03\/04\/zdobylismy-kolejne-wyroznienie\/\">\n\t\t\t<div class=\"elementor-post__thumbnail\"><img loading=\"lazy\" decoding=\"async\" width=\"716\" height=\"738\" src=\"https:\/\/ubezpieczenia-siedlce.pl\/wp-content\/uploads\/2020\/03\/Zrzut-ekranu-2022-02-17-o-09.05.47.png\" class=\"attachment-full size-full\" alt=\"\" srcset=\"https:\/\/ubezpieczenia-siedlce.pl\/wp-content\/uploads\/2020\/03\/Zrzut-ekranu-2022-02-17-o-09.05.47.png 716w, https:\/\/ubezpieczenia-siedlce.pl\/wp-content\/uploads\/2020\/03\/Zrzut-ekranu-2022-02-17-o-09.05.47-291x300.png 291w\" sizes=\"auto, (max-width: 716px) 100vw, 716px\" \/><\/div>\n\t\t<\/a>\n\t\t\t\t<div class=\"elementor-post__text\">\n\t\t\t\t<h4 class=\"elementor-post__title\">\n\t\t\t<a href=\"https:\/\/ubezpieczenia-siedlce.pl\/index.php\/2020\/03\/04\/zdobylismy-kolejne-wyroznienie\/\">\n\t\t\t\tZdobyli\u015bmy kolejne wyr\u00f3\u017cnienie\t\t\t<\/a>\n\t\t<\/h4>\n\t\t\t\t<div class=\"elementor-post__meta-data\">\n\t\t\t\t\t<span class=\"elementor-post-date\">\n\t\t\t4 marca 2020\t\t<\/span>\n\t\t\t\t<\/div>\n\t\t\t\t<div class=\"elementor-post__excerpt\">\n\t\t\t<p>Tym razem doceni\u0142o nasz\u0105 prac\u0119 w zakresie ubezpiecze\u0144 na \u017cycie<\/p>\n\t\t<\/div>\n\t\t\t\t\t<a class=\"elementor-post__read-more\" href=\"https:\/\/ubezpieczenia-siedlce.pl\/index.php\/2020\/03\/04\/zdobylismy-kolejne-wyroznienie\/\">\n\t\t\t\tRead More \u00bb\t\t\t<\/a>\n\t\t\t\t<\/div>\n\t\t\t\t<\/article>\n\t\t\t\t<article class=\"elementor-post elementor-grid-item post-210 post type-post status-publish format-standard has-post-thumbnail hentry category-uncategorized category-2 description-off\">\n\t\t\t\t<a class=\"elementor-post__thumbnail__link\" href=\"https:\/\/ubezpieczenia-siedlce.pl\/index.php\/2020\/02\/18\/to-macie-czy-nie-macie-polise\/\">\n\t\t\t<div class=\"elementor-post__thumbnail\"><img loading=\"lazy\" decoding=\"async\" width=\"655\" height=\"495\" src=\"https:\/\/ubezpieczenia-siedlce.pl\/wp-content\/uploads\/2020\/02\/273569996_4472636642840616_8996681243045782689_n.jpg\" class=\"attachment-full size-full\" alt=\"\" srcset=\"https:\/\/ubezpieczenia-siedlce.pl\/wp-content\/uploads\/2020\/02\/273569996_4472636642840616_8996681243045782689_n.jpg 655w, https:\/\/ubezpieczenia-siedlce.pl\/wp-content\/uploads\/2020\/02\/273569996_4472636642840616_8996681243045782689_n-300x227.jpg 300w\" sizes=\"auto, (max-width: 655px) 100vw, 655px\" \/><\/div>\n\t\t<\/a>\n\t\t\t\t<div class=\"elementor-post__text\">\n\t\t\t\t<h4 class=\"elementor-post__title\">\n\t\t\t<a href=\"https:\/\/ubezpieczenia-siedlce.pl\/index.php\/2020\/02\/18\/to-macie-czy-nie-macie-polise\/\">\n\t\t\t\tTo macie czy nie macie polise?\t\t\t<\/a>\n\t\t<\/h4>\n\t\t\t\t<div class=\"elementor-post__meta-data\">\n\t\t\t\t\t<span class=\"elementor-post-date\">\n\t\t\t18 lutego 2020\t\t<\/span>\n\t\t\t\t<\/div>\n\t\t\t\t<div class=\"elementor-post__excerpt\">\n\t\t\t<p>Bez sensu kupowa\u0107 grafiki, robi\u0107 sesj\u0119 czy te\u017c projektowa\u0107 kolejne reklamy je\u015bli \u017cycie samo podsuwa materia\u0142y<\/p>\n\t\t<\/div>\n\t\t\t\t\t<a class=\"elementor-post__read-more\" href=\"https:\/\/ubezpieczenia-siedlce.pl\/index.php\/2020\/02\/18\/to-macie-czy-nie-macie-polise\/\">\n\t\t\t\tRead More \u00bb\t\t\t<\/a>\n\t\t\t\t<\/div>\n\t\t\t\t<\/article>\n\t\t\t\t<article class=\"elementor-post elementor-grid-item post-134 post type-post status-publish format-standard has-post-thumbnail hentry category-uncategorized category-2 description-off\">\n\t\t\t\t<a class=\"elementor-post__thumbnail__link\" href=\"https:\/\/ubezpieczenia-siedlce.pl\/index.php\/2020\/02\/16\/ubezpieczenie-paneli-fotowoltaicznych\/\">\n\t\t\t<div class=\"elementor-post__thumbnail\"><img loading=\"lazy\" decoding=\"async\" width=\"924\" height=\"924\" src=\"https:\/\/ubezpieczenia-siedlce.pl\/wp-content\/uploads\/2020\/02\/263156590_4221276604643289_3451166388644507167_n.jpg\" class=\"attachment-full size-full\" alt=\"\" srcset=\"https:\/\/ubezpieczenia-siedlce.pl\/wp-content\/uploads\/2020\/02\/263156590_4221276604643289_3451166388644507167_n.jpg 924w, https:\/\/ubezpieczenia-siedlce.pl\/wp-content\/uploads\/2020\/02\/263156590_4221276604643289_3451166388644507167_n-300x300.jpg 300w, https:\/\/ubezpieczenia-siedlce.pl\/wp-content\/uploads\/2020\/02\/263156590_4221276604643289_3451166388644507167_n-150x150.jpg 150w, https:\/\/ubezpieczenia-siedlce.pl\/wp-content\/uploads\/2020\/02\/263156590_4221276604643289_3451166388644507167_n-768x768.jpg 768w\" sizes=\"auto, (max-width: 924px) 100vw, 924px\" \/><\/div>\n\t\t<\/a>\n\t\t\t\t<div class=\"elementor-post__text\">\n\t\t\t\t<h4 class=\"elementor-post__title\">\n\t\t\t<a href=\"https:\/\/ubezpieczenia-siedlce.pl\/index.php\/2020\/02\/16\/ubezpieczenie-paneli-fotowoltaicznych\/\">\n\t\t\t\tUbezpieczenie paneli fotowoltaicznych\t\t\t<\/a>\n\t\t<\/h4>\n\t\t\t\t<div class=\"elementor-post__meta-data\">\n\t\t\t\t\t<span class=\"elementor-post-date\">\n\t\t\t16 lutego 2020\t\t<\/span>\n\t\t\t\t<\/div>\n\t\t\t\t<div class=\"elementor-post__excerpt\">\n\t\t\t<p>Poszukujesz najkorzystniejszego ubezpieczenia paneli fotowoltaicznych Zadzwo\u0144 Pomo\u017cemy w doborze najlepszej ochrony Skontaktuj si\u0119 z nami ju\u017c dzi\u015b ____________________________________________ ul. Mazurska 2 796 012 345 ul.<\/p>\n\t\t<\/div>\n\t\t\t\t\t<a class=\"elementor-post__read-more\" href=\"https:\/\/ubezpieczenia-siedlce.pl\/index.php\/2020\/02\/16\/ubezpieczenie-paneli-fotowoltaicznych\/\">\n\t\t\t\tRead More \u00bb\t\t\t<\/a>\n\t\t\t\t<\/div>\n\t\t\t\t<\/article>\n\t\t\t\t<\/div>\n\t\t\t\t<\/div>\n\t\t\t\t<\/div>\n\t\t\t\t\t\t<\/div>\n\t\t\t<\/div>\n\t\t<\/div>\n\t\t\t\t\t\t<\/div>\n\t\t\t<\/div>\n\t\t<\/section>\n\t\t\t\t<section class=\"elementor-element elementor-element-f4c9dc7 elementor-section-boxed elementor-section-height-default elementor-section-height-default elementor-section elementor-top-section\" data-id=\"f4c9dc7\" data-element_type=\"section\">\n\t\t\t\t\t\t<div class=\"elementor-container elementor-column-gap-default\">\n\t\t\t\t<div class=\"elementor-row\">\n\t\t\t\t<div class=\"elementor-element elementor-element-d520fdf elementor-column elementor-col-100 elementor-top-column\" data-id=\"d520fdf\" data-element_type=\"column\">\n\t\t\t<div class=\"elementor-column-wrap  elementor-element-populated\">\n\t\t\t\t\t<div class=\"elementor-widget-wrap\">\n\t\t\t\t<div class=\"elementor-element elementor-element-e073dd5 elementor-widget elementor-widget-image\" data-id=\"e073dd5\" data-element_type=\"widget\" data-widget_type=\"image.default\">\n\t\t\t\t<div class=\"elementor-widget-container\">\n\t\t\t\t\t<div class=\"elementor-image\">\n\t\t\t\t\t\t\t\t\t\t<img loading=\"lazy\" decoding=\"async\" width=\"1024\" height=\"1024\" src=\"https:\/\/ubezpieczenia-siedlce.pl\/wp-content\/uploads\/2024\/03\/Ubezpieczenia-smaza-1080-\u00d7-1080-px-2-1024x1024.png\" class=\"attachment-large size-large\" alt=\"\" srcset=\"https:\/\/ubezpieczenia-siedlce.pl\/wp-content\/uploads\/2024\/03\/Ubezpieczenia-smaza-1080-\u00d7-1080-px-2-1024x1024.png 1024w, https:\/\/ubezpieczenia-siedlce.pl\/wp-content\/uploads\/2024\/03\/Ubezpieczenia-smaza-1080-\u00d7-1080-px-2-300x300.png 300w, https:\/\/ubezpieczenia-siedlce.pl\/wp-content\/uploads\/2024\/03\/Ubezpieczenia-smaza-1080-\u00d7-1080-px-2-150x150.png 150w, https:\/\/ubezpieczenia-siedlce.pl\/wp-content\/uploads\/2024\/03\/Ubezpieczenia-smaza-1080-\u00d7-1080-px-2-768x768.png 768w, https:\/\/ubezpieczenia-siedlce.pl\/wp-content\/uploads\/2024\/03\/Ubezpieczenia-smaza-1080-\u00d7-1080-px-2-1536x1536.png 1536w, https:\/\/ubezpieczenia-siedlce.pl\/wp-content\/uploads\/2024\/03\/Ubezpieczenia-smaza-1080-\u00d7-1080-px-2-2048x2048.png 2048w\" sizes=\"auto, (max-width: 1024px) 100vw, 1024px\" \/>\t\t\t\t\t\t\t\t\t\t\t<\/div>\n\t\t\t\t<\/div>\n\t\t\t\t<\/div>\n\t\t\t\t<div class=\"elementor-element elementor-element-a054d41 elementor-widget elementor-widget-text-editor\" data-id=\"a054d41\" data-element_type=\"widget\" data-widget_type=\"text-editor.default\">\n\t\t\t\t<div class=\"elementor-widget-container\">\n\t\t\t\t\t<div class=\"elementor-text-editor elementor-clearfix\"><p>Dlaczego Warto Mie\u0107 Assistance w Polisie Ubezpieczenia Domu\/Mieszkania? Przewodnik<\/p><p>od Ubezpieczenia Siedlce Marcin Smaza<\/p><p>Ubezpieczenie assistance w polisie ubezpieczenia domu lub mieszkania to kluczowy element<\/p><p>zabezpieczenia, kt\u00f3ry zapewnia nie tylko ochron\u0119 przed ryzykami zwi\u0105zanymi z<\/p><p>nieruchomo\u015bci\u0105, ale r\u00f3wnie\u017c wsparcie w sytuacjach awaryjnych i nag\u0142ych incydentach<\/p><p>domowych. Ubezpieczenia Siedlce Marcin Smaza, mieszcz\u0105ce si\u0119 przy ul. Mazurskiej 2 w<\/p><p>Siedlcach, oferuj\u0105 kompleksowe polisy ubezpieczeniowe z opcj\u0105 assistance, kt\u00f3re zapewni\u0105 Ci<\/p><p>spok\u00f3j i bezpiecze\u0144stwo w codziennym \u017cyciu.<\/p><p>Korzy\u015bci z Ubezpieczenia Assistance w Polisie Ubezpieczenia Domu\/Mieszkania<\/p><p>1. Pomoc Techniczna do Sprz\u0119t\u00f3w RTV\/AGD: Polisa assistance obejmuje pomoc techniczn\u0105<\/p><p>do sprz\u0119t\u00f3w RTV\/AGD, co oznacza, \u017ce w przypadku awarii np. lod\u00f3wki, pralki, czy<\/p><p>telewizora, mo\u017cna skorzysta\u0107 z us\u0142ug serwisowych w szybkim czasie, bez konieczno\u015bci<\/p><p>samodzielnego organizowania naprawy.<\/p><p>2. Pomoc Specjalist\u00f3w: Hydraulik, Elektryk, \u015alusarz: W ramach assistance mo\u017cna<\/p><p>skorzysta\u0107 z us\u0142ug specjalist\u00f3w, takich jak hydraulik, elektryk, czy \u015blusarz, w przypadku<\/p><p>awarii instalacji wodno-kanalizacyjnej, elektrycznej lub zamk\u00f3w i drzwi.<\/p><p>3. Wizyta Lekarza Pierwszego Kontaktu w Nag\u0142ych Wypadkach: Polisa assistance mo\u017ce<\/p><p>r\u00f3wnie\u017c obejmowa\u0107 us\u0142ugi medyczne, w tym wizyt\u0119 lekarza pierwszego kontaktu w nag\u0142ych<\/p><p>wypadkach, co mo\u017ce by\u0107 niezwykle pomocne w przypadku nag\u0142ego zachorowania lub<\/p><p>kontuzji domownik\u00f3w.<\/p><p>Przyk\u0142ady U\u017cycia Ubezpieczenia Assistance w Polisie Ubezpieczenia Domu\/Mieszkania<\/p><p>1. Awaria Pralki: Je\u015bli pralka nagle przestanie dzia\u0142a\u0107, mo\u017cna skorzysta\u0107 z us\u0142ug serwisu<\/p><p>technicznego, kt\u00f3ry szybko naprawi usterk\u0119, zapewniaj\u0105c kontynuacj\u0119 normalnego<\/p><p>funkcjonowania domowego sprz\u0119tu.<\/p><p>2. Wyciek Wody: W przypadku nag\u0142ego wycieku wody lub awarii instalacji wodno-kanalizacyjnej,<\/p><p>mo\u017cna wezwa\u0107 hydraulika, kt\u00f3ry szybko zdiagnozuje problem i dokona naprawy.<\/p><p>3. Nag\u0142e Zachorowanie: Je\u015bli kt\u00f3remu\u015b z domownik\u00f3w nag\u0142e pogorszy si\u0119 zdrowie, a nie mo\u017cna<\/p><p>natychmiast skontaktowa\u0107 si\u0119 z lekarzem, mo\u017cna skorzysta\u0107 z us\u0142ug lekarza pierwszego<\/p><p>kontaktu, kt\u00f3ry udzieli niezb\u0119dnej pomocy medycznej.<\/p><p>Dlaczego Warto Wybra\u0107 Ubezpieczenie Assistance w Polisie Ubezpieczenia<\/p><p>Domu\/Mieszkania?<\/p><p>1. Szybka i Skuteczna Pomoc w Sytuacjach Awaryjnych: Ubezpieczenie assistance w<\/p><p>polisie ubezpieczenia domu\/mieszkania zapewnia szybk\u0105 i skuteczn\u0105 pomoc w sytuacjach<\/p><p>awaryjnych i nag\u0142ych incydentach domowych, co minimalizuje stres i niedogodno\u015bci<\/p><p>zwi\u0105zane z usterkami czy wypadkami.<\/p><p>2. Ochrona Domowego Bud\u017cetu: Dzi\u0119ki assistance mo\u017cna unikn\u0105\u0107 wysokich koszt\u00f3w napraw<\/p><p>czy interwencji specjalist\u00f3w, co chroni domowy bud\u017cet przed nieplanowanymi wydatkami.<\/p><p>3. Bezpiecze\u0144stwo i Komfort dla Domownik\u00f3w: Ubezpieczenie assistance zapewnia<\/p><p>bezpiecze\u0144stwo i komfort dla wszystkich domownik\u00f3w, eliminuj\u0105c konieczno\u015b\u0107<\/p><p>samodzielnego radzenia sobie z awariami i nag\u0142ymi incydentami.<\/p><p>Jak Wybra\u0107 Odpowiednie Ubezpieczenie Assistance w Polisie Ubezpieczenia<\/p><p>Domu\/Mieszkania?<\/p><p>1. Okre\u015bl Swoje Potrzeby: Przed zakupem polisy assistance warto okre\u015bli\u0107 swoje potrzeby i<\/p><p>oczekiwania w zakresie pomocy technicznej oraz medycznej.<\/p><p>\u00a0<\/p><p>2. Sprawd\u017a Zakres Ochrony: Zapoznaj si\u0119 z dok\u0142adnym zakresem ochrony oferowanym w<\/p><p>ramach polisy assistance, upewniaj\u0105c si\u0119, \u017ce pokrywa on wszystkie potencjalne sytuacje<\/p><p>awaryjne, z kt\u00f3rymi mo\u017cesz si\u0119 spotka\u0107.<\/p><p>3. Por\u00f3wnaj Oferty: Przed podj\u0119ciem decyzji warto por\u00f3wna\u0107 oferty r\u00f3\u017cnych firm<\/p><p>ubezpieczeniowych, uwzgl\u0119dniaj\u0105c zar\u00f3wno cen\u0119, jak i zakres \u015bwiadczonych us\u0142ug<\/p><p>assistance.<\/p><p>Odwied\u017a Nasze Biuro<\/p><p>Chcesz uzyska\u0107 wi\u0119cej informacji na temat naszych polis ubezpieczeniowych z opcj\u0105<\/p><p>assistance? Zapraszamy do odwiedzenia naszego biura przy ul. Mazurskiej 2 w Siedlcach.<\/p><p>Nasz zesp\u00f3\u0142 doradc\u00f3w pomo\u017ce Ci wybra\u0107 najlepsz\u0105 opcj\u0119, dostosowan\u0105 do Twoich potrzeb.<\/p><p>Odwied\u017a Nasze Profile Spo\u0142eczno\u015bciowe<\/p><p>Chcesz by\u0107 na bie\u017c\u0105co z naszymi ofertami i poradami? \u015aled\u017a nasze profile na Instagramie<\/p><p>@zabezpieczamy oraz TikToku @zabezpieczamy<\/p><\/div>\n\t\t\t\t<\/div>\n\t\t\t\t<\/div>\n\t\t\t\t\t\t<\/div>\n\t\t\t<\/div>\n\t\t<\/div>\n\t\t\t\t\t\t<\/div>\n\t\t\t<\/div>\n\t\t<\/section>\n\t\t\t\t\t\t<\/div>\n\t\t\t<\/div>\n\t\t<\/div>\n\t\t","protected":false},"excerpt":{"rendered":"<p>Chcesz by\u0107&nbsp;na bie\u017c\u0105co? Blog Dlaczego Warto Mie\u0107 Assistance w Polisie Ubezpieczenia Domu\/Mieszkania? Przewodnik od Ubezpieczenia Siedlce Marcin Smaza Ubezpieczenie assistance w polisie ubezpieczenia domu lub mieszkania to kluczowy element zabezpieczenia, kt\u00f3ry zapewnia nie tylko ochron\u0119 przed ryzykami zwi\u0105zanymi z nieruchomo\u015bci\u0105, ale r\u00f3wnie\u017c wsparcie w sytuacjach awaryjnych i nag\u0142ych incydentach domowych. Ubezpieczenia Siedlce Marcin Smaza, mieszcz\u0105ce&hellip;<\/p>\n","protected":false},"author":1,"featured_media":0,"parent":0,"menu_order":0,"comment_status":"closed","ping_status":"closed","template":"","meta":{"_monsterinsights_skip_tracking":false,"_monsterinsights_sitenote_active":false,"_monsterinsights_sitenote_note":"","_monsterinsights_sitenote_category":0},"class_list":["post-1623","page","type-page","status-publish","hentry","category-2","description-off"],"_links":{"self":[{"href":"https:\/\/ubezpieczenia-siedlce.pl\/index.php\/wp-json\/wp\/v2\/pages\/1623","targetHints":{"allow":["GET"]}}],"collection":[{"href":"https:\/\/ubezpieczenia-siedlce.pl\/index.php\/wp-json\/wp\/v2\/pages"}],"about":[{"href":"https:\/\/ubezpieczenia-siedlce.pl\/index.php\/wp-json\/wp\/v2\/types\/page"}],"author":[{"embeddable":true,"href":"https:\/\/ubezpieczenia-siedlce.pl\/index.php\/wp-json\/wp\/v2\/users\/1"}],"replies":[{"embeddable":true,"href":"https:\/\/ubezpieczenia-siedlce.pl\/index.php\/wp-json\/wp\/v2\/comments?post=1623"}],"version-history":[{"count":5,"href":"https:\/\/ubezpieczenia-siedlce.pl\/index.php\/wp-json\/wp\/v2\/pages\/1623\/revisions"}],"predecessor-version":[{"id":1724,"href":"https:\/\/ubezpieczenia-siedlce.pl\/index.php\/wp-json\/wp\/v2\/pages\/1623\/revisions\/1724"}],"wp:attachment":[{"href":"https:\/\/ubezpieczenia-siedlce.pl\/index.php\/wp-json\/wp\/v2\/media?parent=1623"}],"curies":[{"name":"wp","href":"https:\/\/api.w.org\/{rel}","templated":true}]}}